{"id":956,"date":"2023-01-24T12:34:06","date_gmt":"2023-01-24T12:34:06","guid":{"rendered":"https:\/\/gigging4livingmooc.eu\/?page_id=956"},"modified":"2023-02-10T14:42:20","modified_gmt":"2023-02-10T14:42:20","slug":"basic-business-skills-dancer","status":"publish","type":"page","link":"https:\/\/gigging4livingmooc.eu\/de\/basic-business-skills-dancer\/","title":{"rendered":"Basic Business Skills Dancer"},"content":{"rendered":"<div data-elementor-type=\"wp-page\" data-elementor-id=\"956\" class=\"elementor elementor-956\">\n\t\t\t\t\t\t<section class=\"elementor-section elementor-top-section elementor-element elementor-element-b188544 animated-slow elementor-section-boxed elementor-section-height-default elementor-section-height-default elementor-invisible\" data-id=\"b188544\" data-element_type=\"section\" data-settings=\"{&quot;animation&quot;:&quot;fadeIn&quot;}\">\n\t\t\t\t\t\t<div class=\"elementor-container elementor-column-gap-default\">\n\t\t\t\t\t<div class=\"elementor-column elementor-col-50 elementor-top-column elementor-element elementor-element-9b65837\" data-id=\"9b65837\" data-element_type=\"column\">\n\t\t\t<div class=\"elementor-widget-wrap elementor-element-populated\">\n\t\t\t\t\t\t<div class=\"elementor-element elementor-element-0a053bd elementor-widget elementor-widget-image\" data-id=\"0a053bd\" data-element_type=\"widget\" data-widget_type=\"image.default\">\n\t\t\t\t<div class=\"elementor-widget-container\">\n\t\t\t<style>\/*! elementor - v3.23.0 - 05-08-2024 *\/\n.elementor-widget-image{text-align:center}.elementor-widget-image a{display:inline-block}.elementor-widget-image a img[src$=\".svg\"]{width:48px}.elementor-widget-image img{vertical-align:middle;display:inline-block}<\/style>\t\t\t\t\t\t\t\t\t\t<img fetchpriority=\"high\" decoding=\"async\" width=\"1024\" height=\"733\" src=\"https:\/\/gigging4livingmooc.eu\/wp-content\/uploads\/2022\/03\/G4L@4x-80x57.png\" class=\"attachment-large size-large wp-image-12\" alt=\"\" srcset=\"https:\/\/gigging4livingmooc.eu\/wp-content\/uploads\/2022\/03\/G4L@4x-1024x733.png 1024w, https:\/\/gigging4livingmooc.eu\/wp-content\/uploads\/2022\/03\/G4L@4x-300x215.png 300w, https:\/\/gigging4livingmooc.eu\/wp-content\/uploads\/2022\/03\/G4L@4x-768x550.png 768w, https:\/\/gigging4livingmooc.eu\/wp-content\/uploads\/2022\/03\/G4L@4x-1536x1099.png 1536w, https:\/\/gigging4livingmooc.eu\/wp-content\/uploads\/2022\/03\/G4L@4x-2048x1466.png 2048w, https:\/\/gigging4livingmooc.eu\/wp-content\/uploads\/2022\/03\/G4L@4x-80x57.png 80w\" sizes=\"(max-width: 1024px) 100vw, 1024px\" \/>\t\t\t\t\t\t\t\t\t\t\t\t\t<\/div>\n\t\t\t\t<\/div>\n\t\t\t\t\t<\/div>\n\t\t<\/div>\n\t\t\t\t<div class=\"elementor-column elementor-col-50 elementor-top-column elementor-element elementor-element-c78787a\" data-id=\"c78787a\" data-element_type=\"column\">\n\t\t\t<div class=\"elementor-widget-wrap elementor-element-populated\">\n\t\t\t\t\t\t<div class=\"elementor-element elementor-element-6326c36 elementor-widget elementor-widget-ekit-nav-menu\" data-id=\"6326c36\" data-element_type=\"widget\" data-widget_type=\"ekit-nav-menu.default\">\n\t\t\t\t<div class=\"elementor-widget-container\">\n\t\t\t\t\t<nav class=\"ekit-wid-con ekit_menu_responsive_tablet\"\n\t\t\tdata-hamburger-icon=\"\"\n\t\t\tdata-hamburger-icon-type=\"icon\"\n\t\t\tdata-responsive-breakpoint=\"1024\">\n\t\t\t            <button class=\"elementskit-menu-hamburger elementskit-menu-toggler\"  type=\"button\" aria-label=\"hamburger-icon\">\n                                    <span class=\"elementskit-menu-hamburger-icon\"><\/span><span class=\"elementskit-menu-hamburger-icon\"><\/span><span class=\"elementskit-menu-hamburger-icon\"><\/span>\n                            <\/button>\n            <div id=\"ekit-megamenu-menu\" class=\"elementskit-menu-container elementskit-menu-offcanvas-elements elementskit-navbar-nav-default ekit-nav-menu-one-page-no ekit-nav-dropdown-hover\"><ul id=\"menu-menu\" class=\"elementskit-navbar-nav elementskit-menu-po-right submenu-click-on-icon\"><li id=\"menu-item-125\" class=\"menu-item menu-item-type-post_type menu-item-object-page menu-item-home menu-item-125 nav-item elementskit-mobile-builder-content\" data-vertical-menu=\"750px\"><a href=\"https:\/\/gigging4livingmooc.eu\/de\/\" class=\"ekit-menu-nav-link menu-link\">Startseite<\/a><\/li>\n<li id=\"menu-item-242\" class=\"menu-item menu-item-type-post_type menu-item-object-page menu-item-242 nav-item elementskit-mobile-builder-content\" data-vertical-menu=\"750px\"><a href=\"https:\/\/gigging4livingmooc.eu\/de\/io1\/\" class=\"ekit-menu-nav-link menu-link\">M\u00f6glichkeiten f\u00fcr darstellende K\u00fcnstler<\/a><\/li>\n<li id=\"menu-item-385\" class=\"menu-item menu-item-type-post_type menu-item-object-page menu-item-385 nav-item elementskit-mobile-builder-content\" data-vertical-menu=\"750px\"><a href=\"https:\/\/gigging4livingmooc.eu\/de\/io2\/\" class=\"ekit-menu-nav-link menu-link\">Aufbau von Widerstandsf\u00e4higkeit<\/a><\/li>\n<li id=\"menu-item-129\" class=\"menu-item menu-item-type-custom menu-item-object-custom menu-item-129 nav-item elementskit-mobile-builder-content\" data-vertical-menu=\"750px\"><a href=\"https:\/\/gigging4living.eu\/\" class=\"ekit-menu-nav-link menu-link\">Projekt-Website<\/a><\/li>\n<li id=\"menu-item-281\" class=\"menu-item menu-item-type-post_type menu-item-object-page menu-item-281 nav-item elementskit-mobile-builder-content\" data-vertical-menu=\"750px\"><a href=\"https:\/\/gigging4livingmooc.eu\/de\/login\/\" class=\"ekit-menu-nav-link menu-link\">Login<\/a><\/li>\n<li id=\"menu-item-280\" class=\"menu-item menu-item-type-post_type menu-item-object-page menu-item-280 nav-item elementskit-mobile-builder-content\" data-vertical-menu=\"750px\"><a href=\"https:\/\/gigging4livingmooc.eu\/de\/register\/\" class=\"ekit-menu-nav-link menu-link\">Register<\/a><\/li>\n<\/ul><div class=\"elementskit-nav-identity-panel\"><button class=\"elementskit-menu-close elementskit-menu-toggler\" type=\"button\">X<\/button><\/div><\/div>\n\t\t\t<div class=\"elementskit-menu-overlay elementskit-menu-offcanvas-elements elementskit-menu-toggler ekit-nav-menu--overlay\"><\/div>        <\/nav>\n\t\t\t\t<\/div>\n\t\t\t\t<\/div>\n\t\t\t\t\t<\/div>\n\t\t<\/div>\n\t\t\t\t\t<\/div>\n\t\t<\/section>\n\t\t\t\t<section class=\"elementor-section elementor-top-section elementor-element elementor-element-74ea4ad elementor-section-height-min-height elementor-section-boxed elementor-section-height-default elementor-section-items-middle\" data-id=\"74ea4ad\" data-element_type=\"section\" data-settings=\"{&quot;background_background&quot;:&quot;classic&quot;}\">\n\t\t\t\t\t\t\t<div class=\"elementor-background-overlay\"><\/div>\n\t\t\t\t\t\t\t<div class=\"elementor-container elementor-column-gap-default\">\n\t\t\t\t\t<div class=\"elementor-column elementor-col-50 elementor-top-column elementor-element elementor-element-3d60eb6\" data-id=\"3d60eb6\" data-element_type=\"column\">\n\t\t\t<div class=\"elementor-widget-wrap elementor-element-populated\">\n\t\t\t\t\t\t<div class=\"elementor-element elementor-element-9573335 elementor-invisible elementor-widget elementor-widget-heading\" data-id=\"9573335\" data-element_type=\"widget\" data-settings=\"{&quot;_animation&quot;:&quot;fadeInDown&quot;}\" data-widget_type=\"heading.default\">\n\t\t\t\t<div class=\"elementor-widget-container\">\n\t\t\t<style>\/*! elementor - v3.23.0 - 05-08-2024 *\/\n.elementor-heading-title{padding:0;margin:0;line-height:1}.elementor-widget-heading .elementor-heading-title[class*=elementor-size-]>a{color:inherit;font-size:inherit;line-height:inherit}.elementor-widget-heading .elementor-heading-title.elementor-size-small{font-size:15px}.elementor-widget-heading .elementor-heading-title.elementor-size-medium{font-size:19px}.elementor-widget-heading .elementor-heading-title.elementor-size-large{font-size:29px}.elementor-widget-heading .elementor-heading-title.elementor-size-xl{font-size:39px}.elementor-widget-heading .elementor-heading-title.elementor-size-xxl{font-size:59px}<\/style><h1 class=\"elementor-heading-title elementor-size-default\">Grundlegende gesch\u00e4ftliche Fertigkeiten <\/h1>\t\t<\/div>\n\t\t\t\t<\/div>\n\t\t\t\t<div class=\"elementor-element elementor-element-1093c6e animated-slow elementor-invisible elementor-widget elementor-widget-text-editor\" data-id=\"1093c6e\" data-element_type=\"widget\" data-settings=\"{&quot;_animation&quot;:&quot;fadeIn&quot;}\" data-widget_type=\"text-editor.default\">\n\t\t\t\t<div class=\"elementor-widget-container\">\n\t\t\t<style>\/*! elementor - v3.23.0 - 05-08-2024 *\/\n.elementor-widget-text-editor.elementor-drop-cap-view-stacked .elementor-drop-cap{background-color:#69727d;color:#fff}.elementor-widget-text-editor.elementor-drop-cap-view-framed .elementor-drop-cap{color:#69727d;border:3px solid;background-color:transparent}.elementor-widget-text-editor:not(.elementor-drop-cap-view-default) .elementor-drop-cap{margin-top:8px}.elementor-widget-text-editor:not(.elementor-drop-cap-view-default) .elementor-drop-cap-letter{width:1em;height:1em}.elementor-widget-text-editor .elementor-drop-cap{float:left;text-align:center;line-height:1;font-size:50px}.elementor-widget-text-editor .elementor-drop-cap-letter{display:inline-block}<\/style>\t\t\t\t<p><span data-contrast=\"auto\">Dieses EduZine unterst\u00fctzt T\u00e4nzerinnen und T\u00e4nzer dabei, ihre berufliche Karriere selbst in die Hand zu nehmen, indem sie ihre Projektideen in eine langfristige, profitable Existenz umwandeln. Die Lernressourcen werden T\u00e4nzerinnen und T\u00e4nzer anleiten, wie sie das Unternehmertum im Kultursektor steuern und erfolgreiche Gesch\u00e4ftspl\u00e4ne entwickeln k\u00f6nnen.<\/span><span data-ccp-props=\"{&quot;201341983&quot;:0,&quot;335559740&quot;:259}\">\u00a0<\/span><\/p><p><span data-contrast=\"auto\">Scannen Sie die QR-Codes auf der Infografik, um Zugang zu mundgerechten Ressourcen zu erhalten, die Ihnen einen Eindruck von den im EduZine behandelten Themen vermitteln. Oder gehen Sie direkt zu unserem EduZine, indem Sie den entsprechenden QR-Code auf der interaktiven Infografik scannen oder auf dieser Seite weiter nach unten scrollen.<\/span><span data-ccp-props=\"{&quot;201341983&quot;:0,&quot;335559740&quot;:259}\">\u00a0<\/span><\/p><p><span data-contrast=\"auto\">\u00a0<\/span><span data-ccp-props=\"{&quot;201341983&quot;:0,&quot;335559740&quot;:259}\">\u00a0<\/span><\/p>\t\t\t\t\t\t<\/div>\n\t\t\t\t<\/div>\n\t\t\t\t<div class=\"elementor-element elementor-element-ca5d8bf elementor-align-left elementor-widget__width-auto elementor-invisible elementor-widget elementor-widget-button\" data-id=\"ca5d8bf\" data-element_type=\"widget\" data-settings=\"{&quot;_animation&quot;:&quot;fadeInUp&quot;}\" data-widget_type=\"button.default\">\n\t\t\t\t<div class=\"elementor-widget-container\">\n\t\t\t\t\t<div class=\"elementor-button-wrapper\">\n\t\t\t<a class=\"elementor-button elementor-button-link elementor-size-sm elementor-animation-bob\" href=\"#eduzine\">\n\t\t\t\t\t\t<span class=\"elementor-button-content-wrapper\">\n\t\t\t\t\t\t\t\t\t<span class=\"elementor-button-text\">EduZine ansehen<\/span>\n\t\t\t\t\t<\/span>\n\t\t\t\t\t<\/a>\n\t\t<\/div>\n\t\t\t\t<\/div>\n\t\t\t\t<\/div>\n\t\t\t\t<div class=\"elementor-element elementor-element-910f7f1 elementor-align-left elementor-widget__width-auto elementor-invisible elementor-widget elementor-widget-button\" data-id=\"910f7f1\" data-element_type=\"widget\" data-settings=\"{&quot;_animation&quot;:&quot;fadeInUp&quot;}\" data-widget_type=\"button.default\">\n\t\t\t\t<div class=\"elementor-widget-container\">\n\t\t\t\t\t<div class=\"elementor-button-wrapper\">\n\t\t\t<a class=\"elementor-button elementor-button-link elementor-size-sm elementor-animation-bob\" href=\"http:\/\/gigging4livingmooc.eu\/wp-content\/uploads\/2023\/01\/IO1-Dancers-Basic-Business-Skills.pdf\" download=\"\">\n\t\t\t\t\t\t<span class=\"elementor-button-content-wrapper\">\n\t\t\t\t\t\t\t\t\t<span class=\"elementor-button-text\">Infografik herunterladen<\/span>\n\t\t\t\t\t<\/span>\n\t\t\t\t\t<\/a>\n\t\t<\/div>\n\t\t\t\t<\/div>\n\t\t\t\t<\/div>\n\t\t\t\t\t<\/div>\n\t\t<\/div>\n\t\t\t\t<div class=\"elementor-column elementor-col-50 elementor-top-column elementor-element elementor-element-6f5d985\" data-id=\"6f5d985\" data-element_type=\"column\">\n\t\t\t<div class=\"elementor-widget-wrap elementor-element-populated\">\n\t\t\t\t\t\t<div class=\"elementor-element elementor-element-3b25b50 elementor-invisible elementor-widget elementor-widget-image\" data-id=\"3b25b50\" data-element_type=\"widget\" data-settings=\"{&quot;_animation&quot;:&quot;fadeInDown&quot;}\" data-widget_type=\"image.default\">\n\t\t\t\t<div class=\"elementor-widget-container\">\n\t\t\t\t\t\t\t\t\t\t\t\t\t<img decoding=\"async\" width=\"724\" height=\"1024\" src=\"https:\/\/gigging4livingmooc.eu\/wp-content\/uploads\/2023\/01\/IO1-Dancers-Basic-Business-Skills-724x1024.png\" class=\"attachment-large size-large wp-image-964\" alt=\"\" srcset=\"https:\/\/gigging4livingmooc.eu\/wp-content\/uploads\/2023\/01\/IO1-Dancers-Basic-Business-Skills-724x1024.png 724w, https:\/\/gigging4livingmooc.eu\/wp-content\/uploads\/2023\/01\/IO1-Dancers-Basic-Business-Skills-212x300.png 212w, https:\/\/gigging4livingmooc.eu\/wp-content\/uploads\/2023\/01\/IO1-Dancers-Basic-Business-Skills-768x1087.png 768w, https:\/\/gigging4livingmooc.eu\/wp-content\/uploads\/2023\/01\/IO1-Dancers-Basic-Business-Skills-1086x1536.png 1086w, https:\/\/gigging4livingmooc.eu\/wp-content\/uploads\/2023\/01\/IO1-Dancers-Basic-Business-Skills-1447x2048.png 1447w, https:\/\/gigging4livingmooc.eu\/wp-content\/uploads\/2023\/01\/IO1-Dancers-Basic-Business-Skills-8x12.png 8w\" sizes=\"(max-width: 724px) 100vw, 724px\" \/>\t\t\t\t\t\t\t\t\t\t\t\t\t<\/div>\n\t\t\t\t<\/div>\n\t\t\t\t\t<\/div>\n\t\t<\/div>\n\t\t\t\t\t<\/div>\n\t\t<\/section>\n\t\t\t\t<section class=\"elementor-section elementor-top-section elementor-element elementor-element-4dfd5b6 elementor-section-boxed elementor-section-height-default elementor-section-height-default\" data-id=\"4dfd5b6\" data-element_type=\"section\" id=\"eduzine\">\n\t\t\t\t\t\t<div class=\"elementor-container elementor-column-gap-default\">\n\t\t\t\t\t<div class=\"elementor-column elementor-col-100 elementor-top-column elementor-element elementor-element-dc3abe6\" data-id=\"dc3abe6\" data-element_type=\"column\">\n\t\t\t<div class=\"elementor-widget-wrap elementor-element-populated\">\n\t\t\t\t\t\t<div class=\"elementor-element elementor-element-1a28c28 elementor-widget elementor-widget-shortcode\" data-id=\"1a28c28\" data-element_type=\"widget\" data-no-translation=\"\" data-widget_type=\"shortcode.default\">\n\t\t\t\t<div class=\"elementor-widget-container\">\n\t\t\t<style>.elementor-element-1a28c28{display:none !important}<\/style>\t\t<\/div>\n\t\t\t\t<\/div>\n\t\t\t\t<div class=\"elementor-element elementor-element-dcc4c62 elementor-widget elementor-widget-shortcode\" data-id=\"dcc4c62\" data-element_type=\"widget\" data-no-translation=\"\" data-widget_type=\"shortcode.default\">\n\t\t\t\t<div class=\"elementor-widget-container\">\n\t\t\t\t\t<div class=\"elementor-shortcode\">\r\n<!--change the width and height value as you want.--> \r\n<!-- Do change \"index.htm\" to your real html name of the flippingbook--> \r\n<iframe  style=\"width:100%;height:450px\"  src=\"\/\/gigging4livingmooc.eu\/wp-content\/uploads\/flipbook\/92\/flipBook.html\"  seamless=\"seamless\" scrolling=\"no\" frameborder=\"0\" allowtransparency=\"true\" allowfullscreen mozallowfullscreen webkitallowfullscreen><\/iframe>\r\n<\/div>\n\t\t\t\t<\/div>\n\t\t\t\t<\/div>\n\t\t\t\t\t<\/div>\n\t\t<\/div>\n\t\t\t\t\t<\/div>\n\t\t<\/section>\n\t\t\t\t<section class=\"elementor-section elementor-top-section elementor-element elementor-element-9488ca7 elementor-section-boxed elementor-section-height-default elementor-section-height-default\" data-id=\"9488ca7\" data-element_type=\"section\">\n\t\t\t\t\t\t<div class=\"elementor-container elementor-column-gap-default\">\n\t\t\t\t\t<div class=\"elementor-column elementor-col-100 elementor-top-column elementor-element elementor-element-958ede0\" data-id=\"958ede0\" data-element_type=\"column\">\n\t\t\t<div class=\"elementor-widget-wrap elementor-element-populated\">\n\t\t\t\t\t\t<div class=\"elementor-element elementor-element-343929a elementor-widget elementor-widget-spacer\" data-id=\"343929a\" data-element_type=\"widget\" data-widget_type=\"spacer.default\">\n\t\t\t\t<div class=\"elementor-widget-container\">\n\t\t\t<style>\/*! elementor - v3.23.0 - 05-08-2024 *\/\n.elementor-column .elementor-spacer-inner{height:var(--spacer-size)}.e-con{--container-widget-width:100%}.e-con-inner>.elementor-widget-spacer,.e-con>.elementor-widget-spacer{width:var(--container-widget-width,var(--spacer-size));--align-self:var(--container-widget-align-self,initial);--flex-shrink:0}.e-con-inner>.elementor-widget-spacer>.elementor-widget-container,.e-con>.elementor-widget-spacer>.elementor-widget-container{height:100%;width:100%}.e-con-inner>.elementor-widget-spacer>.elementor-widget-container>.elementor-spacer,.e-con>.elementor-widget-spacer>.elementor-widget-container>.elementor-spacer{height:100%}.e-con-inner>.elementor-widget-spacer>.elementor-widget-container>.elementor-spacer>.elementor-spacer-inner,.e-con>.elementor-widget-spacer>.elementor-widget-container>.elementor-spacer>.elementor-spacer-inner{height:var(--container-widget-height,var(--spacer-size))}.e-con-inner>.elementor-widget-spacer.elementor-widget-empty,.e-con>.elementor-widget-spacer.elementor-widget-empty{position:relative;min-height:22px;min-width:22px}.e-con-inner>.elementor-widget-spacer.elementor-widget-empty .elementor-widget-empty-icon,.e-con>.elementor-widget-spacer.elementor-widget-empty .elementor-widget-empty-icon{position:absolute;top:0;bottom:0;left:0;right:0;margin:auto;padding:0;width:22px;height:22px}<\/style>\t\t<div class=\"elementor-spacer\">\n\t\t\t<div class=\"elementor-spacer-inner\"><\/div>\n\t\t<\/div>\n\t\t\t\t<\/div>\n\t\t\t\t<\/div>\n\t\t\t\t\t<\/div>\n\t\t<\/div>\n\t\t\t\t\t<\/div>\n\t\t<\/section>\n\t\t\t\t<section class=\"elementor-section elementor-top-section elementor-element elementor-element-c5f147c elementor-section-boxed elementor-section-height-default elementor-section-height-default\" data-id=\"c5f147c\" data-element_type=\"section\">\n\t\t\t\t\t\t<div class=\"elementor-container elementor-column-gap-default\">\n\t\t\t\t\t<div class=\"elementor-column elementor-col-50 elementor-top-column elementor-element elementor-element-14a42a3\" data-id=\"14a42a3\" data-element_type=\"column\">\n\t\t\t<div class=\"elementor-widget-wrap elementor-element-populated\">\n\t\t\t\t\t\t<div class=\"elementor-element elementor-element-65e4476 elementor-invisible elementor-widget elementor-widget-text-editor\" data-id=\"65e4476\" data-element_type=\"widget\" data-settings=\"{&quot;_animation&quot;:&quot;fadeInUp&quot;}\" data-widget_type=\"text-editor.default\">\n\t\t\t\t<div class=\"elementor-widget-container\">\n\t\t\t\t\t\t\t<p>The European Commission\u2019s support for the production of this publication does not constitute an endorsement of the contents, which reflect the views only of the authors, and the Commission cannot be held responsible for any use which may be made of the information contained therein.<\/p>\t\t\t\t\t\t<\/div>\n\t\t\t\t<\/div>\n\t\t\t\t<div class=\"elementor-element elementor-element-de40c44 elementor-invisible elementor-widget elementor-widget-text-editor\" data-id=\"de40c44\" data-element_type=\"widget\" data-settings=\"{&quot;_animation&quot;:&quot;fadeInUp&quot;}\" data-widget_type=\"text-editor.default\">\n\t\t\t\t<div class=\"elementor-widget-container\">\n\t\t\t\t\t\t\t<p><strong>Project Number: 2020-1-IE01-KA227-ADU-082953<\/strong><\/p>\t\t\t\t\t\t<\/div>\n\t\t\t\t<\/div>\n\t\t\t\t\t<\/div>\n\t\t<\/div>\n\t\t\t\t<div class=\"elementor-column elementor-col-50 elementor-top-column elementor-element elementor-element-20c352a\" data-id=\"20c352a\" data-element_type=\"column\">\n\t\t\t<div class=\"elementor-widget-wrap elementor-element-populated\">\n\t\t\t\t\t\t<div class=\"elementor-element elementor-element-40e14c0 elementor-widget elementor-widget-image\" data-id=\"40e14c0\" data-element_type=\"widget\" data-widget_type=\"image.default\">\n\t\t\t\t<div class=\"elementor-widget-container\">\n\t\t\t\t\t\t\t\t\t\t\t\t\t<img decoding=\"async\" width=\"768\" height=\"158\" src=\"https:\/\/gigging4livingmooc.eu\/wp-content\/uploads\/2022\/04\/erasmus_logo-1024x210-1-768x158-1.jpg\" class=\"attachment-large size-large wp-image-248\" alt=\"\" srcset=\"https:\/\/gigging4livingmooc.eu\/wp-content\/uploads\/2022\/04\/erasmus_logo-1024x210-1-768x158-1.jpg 768w, https:\/\/gigging4livingmooc.eu\/wp-content\/uploads\/2022\/04\/erasmus_logo-1024x210-1-768x158-1-300x62.jpg 300w\" sizes=\"(max-width: 768px) 100vw, 768px\" \/>\t\t\t\t\t\t\t\t\t\t\t\t\t<\/div>\n\t\t\t\t<\/div>\n\t\t\t\t\t<\/div>\n\t\t<\/div>\n\t\t\t\t\t<\/div>\n\t\t<\/section>\n\t\t\t\t<\/div>","protected":false},"excerpt":{"rendered":"<p>Home Opportunities for performing artists Building Resilience Community of Practice Acting Dance Music Project Website Account Login Register Logout X Basic Business Skills This EduZine supports dancers to take control of their professional career by transforming their project ideas into a long-term, profitable livelihood. The learning resources will guide dancers on how they can navigate &hellip;<\/p>\n<p class=\"read-more\"> <a class=\"\" href=\"https:\/\/gigging4livingmooc.eu\/de\/basic-business-skills-dancer\/\"> <span class=\"screen-reader-text\">Basic Business Skills Dancer<\/span> Weiterlesen &raquo;<\/a><\/p>","protected":false},"author":1,"featured_media":0,"parent":0,"menu_order":0,"comment_status":"closed","ping_status":"closed","template":"elementor_canvas","meta":{"_bbp_topic_count":0,"_bbp_reply_count":0,"_bbp_total_topic_count":0,"_bbp_total_reply_count":0,"_bbp_voice_count":0,"_bbp_anonymous_reply_count":0,"_bbp_topic_count_hidden":0,"_bbp_reply_count_hidden":0,"_bbp_forum_subforum_count":0,"_mi_skip_tracking":false,"site-sidebar-layout":"default","site-content-layout":"default","ast-main-header-display":"","ast-hfb-above-header-display":"","ast-hfb-below-header-display":"","ast-hfb-mobile-header-display":"","site-post-title":"","ast-breadcrumbs-content":"","ast-featured-img":"","footer-sml-layout":"","theme-transparent-header-meta":"","adv-header-id-meta":"","stick-header-meta":"","header-above-stick-meta":"","header-main-stick-meta":"","header-below-stick-meta":""},"_links":{"self":[{"href":"https:\/\/gigging4livingmooc.eu\/de\/wp-json\/wp\/v2\/pages\/956"}],"collection":[{"href":"https:\/\/gigging4livingmooc.eu\/de\/wp-json\/wp\/v2\/pages"}],"about":[{"href":"https:\/\/gigging4livingmooc.eu\/de\/wp-json\/wp\/v2\/types\/page"}],"author":[{"embeddable":true,"href":"https:\/\/gigging4livingmooc.eu\/de\/wp-json\/wp\/v2\/users\/1"}],"replies":[{"embeddable":true,"href":"https:\/\/gigging4livingmooc.eu\/de\/wp-json\/wp\/v2\/comments?post=956"}],"version-history":[{"count":19,"href":"https:\/\/gigging4livingmooc.eu\/de\/wp-json\/wp\/v2\/pages\/956\/revisions"}],"predecessor-version":[{"id":1249,"href":"https:\/\/gigging4livingmooc.eu\/de\/wp-json\/wp\/v2\/pages\/956\/revisions\/1249"}],"wp:attachment":[{"href":"https:\/\/gigging4livingmooc.eu\/de\/wp-json\/wp\/v2\/media?parent=956"}],"curies":[{"name":"wp","href":"https:\/\/api.w.org\/{rel}","templated":true}]}}